{"id":29,"date":"2023-09-07T18:00:59","date_gmt":"2023-09-07T16:00:59","guid":{"rendered":"http:\/\/38.242.210.90\/wordpress\/?page_id=29"},"modified":"2023-09-08T15:35:40","modified_gmt":"2023-09-08T13:35:40","slug":"impressum","status":"publish","type":"page","link":"https:\/\/ucs.judofreunde-korntal.de\/wordpress\/impressum\/","title":{"rendered":"Impressum"},"content":{"rendered":"\n<p><\/p>\n\n\n\n<p class=\"has-medium-font-size\" style=\"line-height:1\">Judofreunde Korntal e.V.<\/p>\n\n\n\n<p class=\"has-medium-font-size\" style=\"line-height:1\">Lembergstr. 36,<\/p>\n\n\n\n<p class=\"has-medium-font-size\" style=\"line-height:1\">70825 Korntal<\/p>\n\n\n\n<p class=\"has-medium-font-size\" style=\"line-height:1\">E-Mail: info at judofreunde-korntal.de<\/p>\n\n\n\n<p style=\"line-height:1\">vertreten durch den ersten Vorsitzenden<\/p>\n\n\n\n<p style=\"line-height:1\">Thomas Wermter<\/p>\n\n\n\n<p style=\"line-height:1\">Lembergstr. 36,<\/p>\n\n\n\n<p style=\"line-height:1\">70825 Korntal<\/p>\n\n\n\n<p style=\"line-height:1\">E-Mail: info at judofreunde-korntal.de<\/p>\n\n\n\n<p style=\"line-height:1\">Registergericht Amtsgericht Stuttgart Registernummer VR 724362<\/p>\n\n\n\n<p style=\"line-height:1\">V. i. S. d. P. nach \u00a7 55 RSTV f\u00fcr die Seiten https:\/\/www.judofreunde-korntal.de erster Vorsitzender: Thomas Wermter<\/p>\n\n\n\n<h4 class=\"wp-block-heading\">Datenschutz<\/h4>\n\n\n\n<ul class=\"wp-block-list\">\n<li><strong>Rechte der Nutzer und Betroffenen<\/strong><\/li>\n<\/ul>\n\n\n\n<p>Mit Blick auf die nachfolgend noch n\u00e4her beschriebene Datenverarbeitung haben die Nutzer und Betroffenen das Recht<\/p>\n\n\n\n<ul class=\"wp-block-list\">\n<li>auf Best\u00e4tigung, ob sie betreffende Daten verarbeitet werden, auf Auskunft \u00fcber die verarbeiteten Daten, auf weitere Informationen \u00fcber die Datenverarbeitung sowie auf Kopien der Daten (vgl. auch Art. 15 DSGVO);<\/li>\n\n\n\n<li>auf Berichtigung oder Vervollst\u00e4ndigung unrichtiger bzw. unvollst\u00e4ndiger Daten (vgl. auch Art. 16 DSGVO);<\/li>\n\n\n\n<li>auf unverz\u00fcgliche L\u00f6schung der sie betreffenden Daten (vgl. auch Art. 17 DSGVO), oder, alternativ, soweit eine weitere Verarbeitung gem\u00e4\u00df Art. 17 Abs. 3 DSGVO erforderlich ist, auf Einschr\u00e4nkung der Verarbeitung nach Ma\u00dfgabe von Art. 18 DSGVO;<\/li>\n\n\n\n<li>auf Erhalt der sie betreffenden und von ihnen bereitgestellten Daten und auf \u00dcbermittlung dieser Daten an andere Anbieter\/Verantwortliche (vgl. auch Art. 20 DSGVO);<\/li>\n\n\n\n<li>auf Beschwerde gegen\u00fcber der Aufsichtsbeh\u00f6rde, sofern sie der Ansicht sind, dass die sie betreffenden Daten durch den Anbieter unter Versto\u00df gegen datenschutzrechtliche Bestimmungen verarbeitet werden (vgl. auch Art. 77 DSGVO).<\/li>\n<\/ul>\n\n\n\n<p>Dar\u00fcber hinaus ist der Anbieter dazu verpflichtet, alle Empf\u00e4nger, denen gegen\u00fcber Daten durch den Anbieter offengelegt worden sind, \u00fcber jedwede Berichtigung oder L\u00f6schung von Daten oder die Einschr\u00e4nkung der Verarbeitung, die aufgrund der Artikel 16, 17 Abs. 1, 18 DSGVO erfolgt, zu unterrichten. Diese Verpflichtung besteht jedoch nicht, soweit diese Mitteilung unm\u00f6glich oder mit einem unverh\u00e4ltnism\u00e4\u00dfigen Aufwand verbunden ist. Unbeschadet dessen hat der Nutzer ein Recht auf Auskunft \u00fcber diese Empf\u00e4nger.<\/p>\n\n\n\n<p><strong>Ebenfalls haben die Nutzer und Betroffenen nach Art. 21 DSGVO das Recht auf Widerspruch gegen die k\u00fcnftige Verarbeitung der sie betreffenden Daten, sofern die Daten durch den Anbieter nach Ma\u00dfgabe von Art. 6 Abs. 1 lit. f) DSGVO verarbeitet werden. Insbesondere ist ein Widerspruch gegen die Datenverarbeitung zum Zwecke der Direktwerbung statthaft.<\/strong><\/p>\n\n\n\n<p><strong>III. Informationen zur Datenverarbeitung<\/strong><\/p>\n\n\n\n<p>Ihre bei Nutzung unseres Internetauftritts verarbeiteten Daten werden gel\u00f6scht oder gesperrt, sobald der Zweck der Speicherung entf\u00e4llt, der L\u00f6schung der Daten keine gesetzlichen Aufbewahrungspflichten entgegenstehen und nachfolgend keine anderslautenden Angaben zu einzelnen Verarbeitungsverfahren gemacht werden.<\/p>\n\n\n\n<p><strong>Serverdaten<\/strong><\/p>\n\n\n\n<p>Aus technischen Gr\u00fcnden, insbesondere zur Gew\u00e4hrleistung eines sicheren und stabilen Internetauftritts, werden Daten durch Ihren Internet-Browser an uns bzw. an unseren Webspace-Provider \u00fcbermittelt. Mit diesen sog. Server-Logfiles werden u.a. Typ und Version Ihres Internetbrowsers, das Betriebssystem, die Website, von der aus Sie auf unseren Internetauftritt gewechselt haben (Referrer URL), die Website(s) unseres Internetauftritts, die Sie besuchen, Datum und Uhrzeit des jeweiligen Zugriffs sowie die IP-Adresse des Internetanschlusses, von dem aus die Nutzung unseres Internetauftritts erfolgt, erhoben.<\/p>\n\n\n\n<p>Diese so erhobenen Daten werden vorr\u00fcbergehend gespeichert, dies jedoch nicht gemeinsam mit anderen Daten von Ihnen.<\/p>\n\n\n\n<p>Diese Speicherung erfolgt auf der Rechtsgrundlage von Art. 6 Abs. 1 lit. f) DSGVO. Unser berechtigtes Interesse liegt in der Verbesserung, Stabilit\u00e4t, Funktionalit\u00e4t und Sicherheit unseres Internetauftritts.<\/p>\n\n\n\n<p>Die Daten werden sp\u00e4testens nach sieben Tage wieder gel\u00f6scht, soweit keine weitere Aufbewahrung zu Beweiszwecken erforderlich ist. Andernfalls sind die Daten bis zur endg\u00fcltigen Kl\u00e4rung eines Vorfalls ganz oder teilweise von der L\u00f6schung ausgenommen.<\/p>\n\n\n\n<p><strong>Cookies<\/strong><\/p>\n\n\n\n<ul class=\"wp-block-list\">\n<li><strong>Sitzungs-Cookies\/Session-Cookies<\/strong><\/li>\n<\/ul>\n\n\n\n<p>Wir verwenden mit unserem Internetauftritt sog. Cookies. Cookies sind kleine Textdateien oder andere Speichertechnologien, die durch den von Ihnen eingesetzten Internet-Browser auf Ihrem Endger\u00e4t ablegt und gespeichert werden. Durch diese Cookies werden im individuellen Umfang bestimmte Informationen von Ihnen, wie beispielsweise Ihre Browser- oder Standortdaten oder Ihre IP-Adresse, verarbeitet. &nbsp;<\/p>\n\n\n\n<p>Durch diese Verarbeitung wird unser Internetauftritt benutzerfreundlicher, effektiver und sicherer, da die Verarbeitung bspw. die Wiedergabe unseres Internetauftritts in unterschiedlichen Sprachen oder das Angebot einer Warenkorbfunktion erm\u00f6glicht.<\/p>\n\n\n\n<p>Rechtsgrundlage dieser Verarbeitung ist Art. 6 Abs. 1 lit b.) DSGVO, sofern diese Cookies Daten zur Vertragsanbahnung oder Vertragsabwicklung verarbeitet werden.<\/p>\n\n\n\n<p>Falls die Verarbeitung nicht der Vertragsanbahnung oder Vertragsabwicklung dient, liegt unser berechtigtes Interesse in der Verbesserung der Funktionalit\u00e4t unseres Internetauftritts. Rechtsgrundlage ist in dann Art. 6 Abs. 1 lit. f) DSGVO.<\/p>\n\n\n\n<p>Mit Schlie\u00dfen Ihres Internet-Browsers werden diese Session-Cookies gel\u00f6scht.<\/p>\n\n\n\n<ul class=\"wp-block-list\">\n<li><strong>Drittanbieter-Cookies<\/strong><\/li>\n<\/ul>\n\n\n\n<p>Gegebenenfalls werden mit unserem Internetauftritt auch Cookies von Partnerunternehmen, mit denen wir zum Zwecke der Werbung, der Analyse oder der Funktionalit\u00e4ten unseres Internetauftritts zusammenarbeiten, verwendet.<\/p>\n\n\n\n<p>Die Einzelheiten hierzu, insbesondere zu den Zwecken und den Rechtsgrundlagen der Verarbeitung solcher Drittanbieter-Cookies, entnehmen Sie bitte den nachfolgenden Informationen.<\/p>\n\n\n\n<ul class=\"wp-block-list\">\n<li><strong> Beseitigungsm\u00f6glichkeit<\/strong><\/li>\n<\/ul>\n\n\n\n<p>Sie k\u00f6nnen die Installation der Cookies durch eine Einstellung Ihres Internet-Browsers verhindern oder einschr\u00e4nken. Ebenfalls k\u00f6nnen Sie bereits gespeicherte Cookies jederzeit l\u00f6schen. Die hierf\u00fcr erforderlichen Schritte und Ma\u00dfnahmen h\u00e4ngen jedoch von Ihrem konkret genutzten Internet-Browser ab. Bei Fragen benutzen Sie daher bitte die Hilfefunktion oder Dokumentation Ihres Internet-Browsers oder wenden sich an dessen Hersteller bzw. Support. Bei sog. Flash-Cookies kann die Verarbeitung allerdings nicht \u00fcber die Einstellungen des Browsers unterbunden werden. Stattdessen m\u00fcssen Sie insoweit die Einstellung Ihres Flash-Players \u00e4ndern. Auch die hierf\u00fcr erforderlichen Schritte und Ma\u00dfnahmen h\u00e4ngen von Ihrem konkret genutzten Flash-Player ab. Bei Fragen benutzen Sie daher bitte ebenso die Hilfefunktion oder Dokumentation Ihres Flash-Players oder wenden sich an den Hersteller bzw. Benutzer-Support.<\/p>\n\n\n\n<p>Sollten Sie die Installation der Cookies verhindern oder einschr\u00e4nken, kann dies allerdings dazu f\u00fchren, dass nicht s\u00e4mtliche Funktionen unseres Internetauftritts vollumf\u00e4nglich nutzbar sind.<\/p>\n\n\n\n<p><strong>Kontaktanfragen \/ Kontaktm\u00f6glichkeit<\/strong><\/p>\n\n\n\n<p>Sofern Sie per Kontaktformular oder E-Mail mit uns in Kontakt treten, werden die dabei von Ihnen angegebenen Daten zur Bearbeitung Ihrer Anfrage genutzt. Die Angabe der Daten ist zur Bearbeitung und Beantwortung Ihre Anfrage erforderlich \u2013 ohne deren Bereitstellung k\u00f6nnen wir Ihre Anfrage nicht oder allenfalls eingeschr\u00e4nkt beantworten.<\/p>\n\n\n\n<p>Rechtsgrundlage f\u00fcr diese Verarbeitung ist Art. 6 Abs. 1 lit. b) DSGVO.<\/p>\n\n\n\n<p>Ihre Daten werden gel\u00f6scht, sofern Ihre Anfrage abschlie\u00dfend beantwortet worden ist und der L\u00f6schung keine gesetzlichen Aufbewahrungspflichten entgegenstehen, wie bspw. bei einer sich etwaig anschlie\u00dfenden Vertragsabwicklung.<\/p>\n\n\n\n<h4 class=\"wp-block-heading\">Haftungsausschluss<\/h4>\n\n\n\n<p>Haftungshinweis: Trotz sorgf\u00e4ltiger inhaltlicher Kontrolle \u00fcbernehmen wir keine Haftung f\u00fcr die Inhalte externer Links. F\u00fcr den Inhalt der verlinkten Seiten sind ausschlie\u00dflich deren Betreiber verantwortlich.<\/p>\n\n\n\n<h4 class=\"wp-block-heading\">Urheberrecht\/Copyright<\/h4>\n\n\n\n<p><\/p>\n\n\n\n<p>Die durch die Seitenbetreiber erstellten Inhalte und Werke auf diesen Seiten unterliegen dem deutschen Urheberrecht. Die Vervielf\u00e4ltigung, Bearbeitung, Verbreitung und jede Art der Verwertung au\u00dferhalb der Grenzen des Urheberrechtes bed\u00fcrfen der schriftlichen Zustimmung des jeweiligen Autors bzw. Erstellers. Downloads und Kopien dieser Seite sind nur f\u00fcr den privaten, nicht kommerziellen Gebrauch gestattet. Soweit die Inhalte auf dieser Seite nicht vom Betreiber erstellt wurden, werden die Urheberrechte Dritter beachtet. Insbesondere werden Inhalte Dritter als solche gekennzeichnet. Sollten Sie trotzdem auf eine Urheberrechtsverletzung aufmerksam werden, bitten wir um einen entsprechenden Hinweis. Bei Bekanntwerden von Rechtsverletzungen werden wir derartige Inhalte umgehend entfernen.<\/p>\n\n\n\n<p>Copyright-Hinweis: Texte und Informationen von dieser Webseite k\u00f6nnen grunds\u00e4tzlich nur mit Quellenangabe weiterverwendet werden. Die Fotos sind durch ein Copyright gesch\u00fctzt und stehen auch nicht f\u00fcr private Zwecke frei zur Verf\u00fcgung.<\/p>\n","protected":false},"excerpt":{"rendered":"<p>Judofreunde Korntal e.V. Lembergstr. 36, 70825 Korntal E-Mail: info at judofreunde-korntal.de vertreten durch den ersten Vorsitzenden Thomas Wermter Lembergstr. 36, 70825 Korntal E-Mail: info at judofreunde-korntal.de Registergericht Amtsgericht Stuttgart Registernummer VR 724362 V. i. S. d. P. nach \u00a7 55 RSTV f\u00fcr die Seiten https:\/\/www.judofreunde-korntal.de erster Vorsitzender: Thomas Wermter Datenschutz Mit Blick auf die nachfolgend [&hellip;]<\/p>\n","protected":false},"author":3,"featured_media":0,"parent":0,"menu_order":0,"comment_status":"closed","ping_status":"closed","template":"","meta":{"footnotes":""},"class_list":["post-29","page","type-page","status-publish","hentry"],"yoast_head":"<!-- This site is optimized with the Yoast SEO plugin v24.0 - https:\/\/yoast.com\/wordpress\/plugins\/seo\/ -->\n<title>Impressum - Judofreunde Korntal e.V.<\/title>\n<meta name=\"robots\" content=\"index, follow, max-snippet:-1, max-image-preview:large, max-video-preview:-1\" \/>\n<link rel=\"canonical\" href=\"https:\/\/vmd88725.contaboserver.net\/wordpress\/impressum\/\" \/>\n<meta property=\"og:locale\" content=\"de_DE\" \/>\n<meta property=\"og:type\" content=\"article\" \/>\n<meta property=\"og:title\" content=\"Impressum - Judofreunde Korntal e.V.\" \/>\n<meta property=\"og:description\" content=\"Judofreunde Korntal e.V. Lembergstr. 36, 70825 Korntal E-Mail: info at judofreunde-korntal.de vertreten durch den ersten Vorsitzenden Thomas Wermter Lembergstr. 36, 70825 Korntal E-Mail: info at judofreunde-korntal.de Registergericht Amtsgericht Stuttgart Registernummer VR 724362 V. i. S. d. P. nach \u00a7 55 RSTV f\u00fcr die Seiten https:\/\/www.judofreunde-korntal.de erster Vorsitzender: Thomas Wermter Datenschutz Mit Blick auf die nachfolgend [&hellip;]\" \/>\n<meta property=\"og:url\" content=\"https:\/\/vmd88725.contaboserver.net\/wordpress\/impressum\/\" \/>\n<meta property=\"og:site_name\" content=\"Judofreunde Korntal e.V.\" \/>\n<meta property=\"article:publisher\" content=\"https:\/\/www.facebook.com\/profile.php?id=100084103943783\" \/>\n<meta property=\"article:modified_time\" content=\"2023-09-08T13:35:40+00:00\" \/>\n<meta name=\"twitter:card\" content=\"summary_large_image\" \/>\n<meta name=\"twitter:label1\" content=\"Gesch\u00e4tzte Lesezeit\" \/>\n\t<meta name=\"twitter:data1\" content=\"6\u00a0Minuten\" \/>\n<script type=\"application\/ld+json\" class=\"yoast-schema-graph\">{\"@context\":\"https:\/\/schema.org\",\"@graph\":[{\"@type\":\"WebPage\",\"@id\":\"https:\/\/vmd88725.contaboserver.net\/wordpress\/impressum\/\",\"url\":\"https:\/\/vmd88725.contaboserver.net\/wordpress\/impressum\/\",\"name\":\"Impressum - Judofreunde Korntal e.V.\",\"isPartOf\":{\"@id\":\"https:\/\/www.judofreunde-korntal.de\/wordpress\/#website\"},\"datePublished\":\"2023-09-07T16:00:59+00:00\",\"dateModified\":\"2023-09-08T13:35:40+00:00\",\"breadcrumb\":{\"@id\":\"https:\/\/vmd88725.contaboserver.net\/wordpress\/impressum\/#breadcrumb\"},\"inLanguage\":\"de\",\"potentialAction\":[{\"@type\":\"ReadAction\",\"target\":[\"https:\/\/vmd88725.contaboserver.net\/wordpress\/impressum\/\"]}]},{\"@type\":\"BreadcrumbList\",\"@id\":\"https:\/\/vmd88725.contaboserver.net\/wordpress\/impressum\/#breadcrumb\",\"itemListElement\":[{\"@type\":\"ListItem\",\"position\":1,\"name\":\"Startseite\",\"item\":\"https:\/\/www.judofreunde-korntal.de\/wordpress\/\"},{\"@type\":\"ListItem\",\"position\":2,\"name\":\"Impressum\"}]},{\"@type\":\"WebSite\",\"@id\":\"https:\/\/www.judofreunde-korntal.de\/wordpress\/#website\",\"url\":\"https:\/\/www.judofreunde-korntal.de\/wordpress\/\",\"name\":\"Judofreunde Korntal e.V.\",\"description\":\"Internet Pr\u00e4senz der Judofreunde Korntal\",\"publisher\":{\"@id\":\"https:\/\/www.judofreunde-korntal.de\/wordpress\/#organization\"},\"potentialAction\":[{\"@type\":\"SearchAction\",\"target\":{\"@type\":\"EntryPoint\",\"urlTemplate\":\"https:\/\/www.judofreunde-korntal.de\/wordpress\/?s={search_term_string}\"},\"query-input\":{\"@type\":\"PropertyValueSpecification\",\"valueRequired\":true,\"valueName\":\"search_term_string\"}}],\"inLanguage\":\"de\"},{\"@type\":\"Organization\",\"@id\":\"https:\/\/www.judofreunde-korntal.de\/wordpress\/#organization\",\"name\":\"Judofreunde Korntal e.V.\",\"url\":\"https:\/\/www.judofreunde-korntal.de\/wordpress\/\",\"logo\":{\"@type\":\"ImageObject\",\"inLanguage\":\"de\",\"@id\":\"https:\/\/www.judofreunde-korntal.de\/wordpress\/#\/schema\/logo\/image\/\",\"url\":\"http:\/\/38.242.210.90:40000\/wordpress\/wp-content\/uploads\/2022\/11\/JFK-Logo-ohneRand.jpg\",\"contentUrl\":\"http:\/\/38.242.210.90:40000\/wordpress\/wp-content\/uploads\/2022\/11\/JFK-Logo-ohneRand.jpg\",\"width\":1417,\"height\":1423,\"caption\":\"Judofreunde Korntal e.V.\"},\"image\":{\"@id\":\"https:\/\/www.judofreunde-korntal.de\/wordpress\/#\/schema\/logo\/image\/\"},\"sameAs\":[\"https:\/\/www.facebook.com\/profile.php?id=100084103943783\",\"https:\/\/www.instagram.com\/judofreunde\"]}]}<\/script>\n<!-- \/ Yoast SEO plugin. -->","yoast_head_json":{"title":"Impressum - Judofreunde Korntal e.V.","robots":{"index":"index","follow":"follow","max-snippet":"max-snippet:-1","max-image-preview":"max-image-preview:large","max-video-preview":"max-video-preview:-1"},"canonical":"https:\/\/vmd88725.contaboserver.net\/wordpress\/impressum\/","og_locale":"de_DE","og_type":"article","og_title":"Impressum - Judofreunde Korntal e.V.","og_description":"Judofreunde Korntal e.V. Lembergstr. 36, 70825 Korntal E-Mail: info at judofreunde-korntal.de vertreten durch den ersten Vorsitzenden Thomas Wermter Lembergstr. 36, 70825 Korntal E-Mail: info at judofreunde-korntal.de Registergericht Amtsgericht Stuttgart Registernummer VR 724362 V. i. S. d. P. nach \u00a7 55 RSTV f\u00fcr die Seiten https:\/\/www.judofreunde-korntal.de erster Vorsitzender: Thomas Wermter Datenschutz Mit Blick auf die nachfolgend [&hellip;]","og_url":"https:\/\/vmd88725.contaboserver.net\/wordpress\/impressum\/","og_site_name":"Judofreunde Korntal e.V.","article_publisher":"https:\/\/www.facebook.com\/profile.php?id=100084103943783","article_modified_time":"2023-09-08T13:35:40+00:00","twitter_card":"summary_large_image","twitter_misc":{"Gesch\u00e4tzte Lesezeit":"6\u00a0Minuten"},"schema":{"@context":"https:\/\/schema.org","@graph":[{"@type":"WebPage","@id":"https:\/\/vmd88725.contaboserver.net\/wordpress\/impressum\/","url":"https:\/\/vmd88725.contaboserver.net\/wordpress\/impressum\/","name":"Impressum - Judofreunde Korntal e.V.","isPartOf":{"@id":"https:\/\/www.judofreunde-korntal.de\/wordpress\/#website"},"datePublished":"2023-09-07T16:00:59+00:00","dateModified":"2023-09-08T13:35:40+00:00","breadcrumb":{"@id":"https:\/\/vmd88725.contaboserver.net\/wordpress\/impressum\/#breadcrumb"},"inLanguage":"de","potentialAction":[{"@type":"ReadAction","target":["https:\/\/vmd88725.contaboserver.net\/wordpress\/impressum\/"]}]},{"@type":"BreadcrumbList","@id":"https:\/\/vmd88725.contaboserver.net\/wordpress\/impressum\/#breadcrumb","itemListElement":[{"@type":"ListItem","position":1,"name":"Startseite","item":"https:\/\/www.judofreunde-korntal.de\/wordpress\/"},{"@type":"ListItem","position":2,"name":"Impressum"}]},{"@type":"WebSite","@id":"https:\/\/www.judofreunde-korntal.de\/wordpress\/#website","url":"https:\/\/www.judofreunde-korntal.de\/wordpress\/","name":"Judofreunde Korntal e.V.","description":"Internet Pr\u00e4senz der Judofreunde Korntal","publisher":{"@id":"https:\/\/www.judofreunde-korntal.de\/wordpress\/#organization"},"potentialAction":[{"@type":"SearchAction","target":{"@type":"EntryPoint","urlTemplate":"https:\/\/www.judofreunde-korntal.de\/wordpress\/?s={search_term_string}"},"query-input":{"@type":"PropertyValueSpecification","valueRequired":true,"valueName":"search_term_string"}}],"inLanguage":"de"},{"@type":"Organization","@id":"https:\/\/www.judofreunde-korntal.de\/wordpress\/#organization","name":"Judofreunde Korntal e.V.","url":"https:\/\/www.judofreunde-korntal.de\/wordpress\/","logo":{"@type":"ImageObject","inLanguage":"de","@id":"https:\/\/www.judofreunde-korntal.de\/wordpress\/#\/schema\/logo\/image\/","url":"http:\/\/38.242.210.90:40000\/wordpress\/wp-content\/uploads\/2022\/11\/JFK-Logo-ohneRand.jpg","contentUrl":"http:\/\/38.242.210.90:40000\/wordpress\/wp-content\/uploads\/2022\/11\/JFK-Logo-ohneRand.jpg","width":1417,"height":1423,"caption":"Judofreunde Korntal e.V."},"image":{"@id":"https:\/\/www.judofreunde-korntal.de\/wordpress\/#\/schema\/logo\/image\/"},"sameAs":["https:\/\/www.facebook.com\/profile.php?id=100084103943783","https:\/\/www.instagram.com\/judofreunde"]}]}},"_links":{"self":[{"href":"https:\/\/ucs.judofreunde-korntal.de\/wordpress\/wp-json\/wp\/v2\/pages\/29","targetHints":{"allow":["GET"]}}],"collection":[{"href":"https:\/\/ucs.judofreunde-korntal.de\/wordpress\/wp-json\/wp\/v2\/pages"}],"about":[{"href":"https:\/\/ucs.judofreunde-korntal.de\/wordpress\/wp-json\/wp\/v2\/types\/page"}],"author":[{"embeddable":true,"href":"https:\/\/ucs.judofreunde-korntal.de\/wordpress\/wp-json\/wp\/v2\/users\/3"}],"replies":[{"embeddable":true,"href":"https:\/\/ucs.judofreunde-korntal.de\/wordpress\/wp-json\/wp\/v2\/comments?post=29"}],"version-history":[{"count":6,"href":"https:\/\/ucs.judofreunde-korntal.de\/wordpress\/wp-json\/wp\/v2\/pages\/29\/revisions"}],"predecessor-version":[{"id":77,"href":"https:\/\/ucs.judofreunde-korntal.de\/wordpress\/wp-json\/wp\/v2\/pages\/29\/revisions\/77"}],"wp:attachment":[{"href":"https:\/\/ucs.judofreunde-korntal.de\/wordpress\/wp-json\/wp\/v2\/media?parent=29"}],"curies":[{"name":"wp","href":"https:\/\/api.w.org\/{rel}","templated":true}]}}