{"id":2,"date":"2023-09-07T18:00:26","date_gmt":"2023-09-07T16:00:26","guid":{"rendered":"http:\/\/ucs.judofreunde-korntal.de\/wordpress\/?page_id=2"},"modified":"2023-11-14T13:27:19","modified_gmt":"2023-11-14T12:27:19","slug":"anmeldung","status":"publish","type":"page","link":"https:\/\/ucs.judofreunde-korntal.de\/wordpress\/anmeldung\/","title":{"rendered":"Anmeldung"},"content":{"rendered":"\n<p>Danke f\u00fcr das Interesse an den Judofreunden. Das Judotraining l\u00e4uft \u00fcber die <a href=\"https:\/\/www.vhs-korntal-muenchingen.de\/Suche?cmxelementid=web4e15b88472a73&amp;seite=&amp;s=judo&amp;mf_objekt=Homepage&amp;f=&amp;autowert=\">VHS Korntal-M\u00fcnchingen<\/a>. Zum Probetraining k\u00f6nnt ihr auch ohne VHS Anmeldung vorbeikommen. Die VHS-Anmeldeformulare erhaltet ihr vom Trainer oder ihr meldet Euch direkt \u00fcber die VHS Webseite der zum Kurs an.<\/p>\n\n\n\n<p><\/p>\n\n\n\n<p>Judog\u00fcrtelpr\u00fcfungen setzen eine Mitgliedschaft im Verein voraus, weil ihr beim Judoverband angemeldet werden m\u00fcsst und einen Judopass bekommt. Bitte f\u00fcllt das Beitrittsformular aus und lasst es uns im Training oder per Email zukommen!<\/p>\n\n\n\n<p class=\"has-text-align-center\"><strong>PDF <a href=\"http:\/\/www.judofreunde-korntal.de\/wordpress\/wp-content\/uploads\/2023\/11\/Judofreunde-Beitrittsformular_v1.4.pdf\" target=\"_blank\" rel=\"noreferrer noopener\">Anmeldeformular<\/a> <\/strong><\/p>\n\n\n\n<p>Weitere Information zum Verein und der Mitgliedschaft:<\/p>\n\n\n\n<ul class=\"wp-block-list\">\n<li><a href=\"https:\/\/www.judofreunde-korntal.de\/wordpress\/satzung-2\/\">Satzung<\/a><\/li>\n\n\n\n<li><a href=\"http:\/\/www.judofreunde-korntal.de\/wordpress\/wp-content\/uploads\/2023\/11\/JFK-Gebuehrenordnung_v1.4.pdf\">Beitragsordnung<\/a><\/li>\n<\/ul>\n\n\n\n<p><\/p>\n","protected":false},"excerpt":{"rendered":"<p>Danke f\u00fcr das Interesse an den Judofreunden. Das Judotraining l\u00e4uft \u00fcber die VHS Korntal-M\u00fcnchingen. Zum Probetraining k\u00f6nnt ihr auch ohne VHS Anmeldung vorbeikommen. Die VHS-Anmeldeformulare erhaltet ihr vom Trainer oder ihr meldet Euch direkt \u00fcber die VHS Webseite der zum Kurs an. Judog\u00fcrtelpr\u00fcfungen setzen eine Mitgliedschaft im Verein voraus, weil ihr beim Judoverband angemeldet werden [&hellip;]<\/p>\n","protected":false},"author":3,"featured_media":0,"parent":0,"menu_order":0,"comment_status":"closed","ping_status":"closed","template":"","meta":{"footnotes":""},"class_list":["post-2","page","type-page","status-publish","hentry"],"yoast_head":"<!-- This site is optimized with the Yoast SEO plugin v24.0 - https:\/\/yoast.com\/wordpress\/plugins\/seo\/ -->\n<title>Anmeldung - Judofreunde Korntal e.V.<\/title>\n<meta name=\"description\" content=\"Anmeldeseite f\u00fcr den Judo VHS Kurs in Korntal-M\u00fcchingen. Eine Mitgliedschaft f\u00fcr die Judofreunde erlaubt Euch an G\u00fcrtelpr\u00fcfungen teilzunehmen.\" \/>\n<meta name=\"robots\" content=\"index, follow, max-snippet:-1, max-image-preview:large, max-video-preview:-1\" \/>\n<link rel=\"canonical\" href=\"https:\/\/www.judofreunde-korntal.de\/wordpress\/anmeldung\/\" \/>\n<meta property=\"og:locale\" content=\"de_DE\" \/>\n<meta property=\"og:type\" content=\"article\" \/>\n<meta property=\"og:title\" content=\"Anmeldung - Judofreunde Korntal e.V.\" \/>\n<meta property=\"og:description\" content=\"Anmeldeseite f\u00fcr den Judo VHS Kurs in Korntal-M\u00fcchingen. Eine Mitgliedschaft f\u00fcr die Judofreunde erlaubt Euch an G\u00fcrtelpr\u00fcfungen teilzunehmen.\" \/>\n<meta property=\"og:url\" content=\"https:\/\/www.judofreunde-korntal.de\/wordpress\/anmeldung\/\" \/>\n<meta property=\"og:site_name\" content=\"Judofreunde Korntal e.V.\" \/>\n<meta property=\"article:publisher\" content=\"https:\/\/www.facebook.com\/profile.php?id=100084103943783\" \/>\n<meta property=\"article:modified_time\" content=\"2023-11-14T12:27:19+00:00\" \/>\n<meta name=\"twitter:card\" content=\"summary_large_image\" \/>\n<meta name=\"twitter:label1\" content=\"Gesch\u00e4tzte Lesezeit\" \/>\n\t<meta name=\"twitter:data1\" content=\"1\u00a0Minute\" \/>\n<script type=\"application\/ld+json\" class=\"yoast-schema-graph\">{\"@context\":\"https:\/\/schema.org\",\"@graph\":[{\"@type\":\"WebPage\",\"@id\":\"https:\/\/www.judofreunde-korntal.de\/wordpress\/anmeldung\/\",\"url\":\"https:\/\/www.judofreunde-korntal.de\/wordpress\/anmeldung\/\",\"name\":\"Anmeldung - Judofreunde Korntal e.V.\",\"isPartOf\":{\"@id\":\"https:\/\/www.judofreunde-korntal.de\/wordpress\/#website\"},\"datePublished\":\"2023-09-07T16:00:26+00:00\",\"dateModified\":\"2023-11-14T12:27:19+00:00\",\"description\":\"Anmeldeseite f\u00fcr den Judo VHS Kurs in Korntal-M\u00fcchingen. Eine Mitgliedschaft f\u00fcr die Judofreunde erlaubt Euch an G\u00fcrtelpr\u00fcfungen teilzunehmen.\",\"breadcrumb\":{\"@id\":\"https:\/\/www.judofreunde-korntal.de\/wordpress\/anmeldung\/#breadcrumb\"},\"inLanguage\":\"de\",\"potentialAction\":[{\"@type\":\"ReadAction\",\"target\":[\"https:\/\/www.judofreunde-korntal.de\/wordpress\/anmeldung\/\"]}]},{\"@type\":\"BreadcrumbList\",\"@id\":\"https:\/\/www.judofreunde-korntal.de\/wordpress\/anmeldung\/#breadcrumb\",\"itemListElement\":[{\"@type\":\"ListItem\",\"position\":1,\"name\":\"Startseite\",\"item\":\"https:\/\/www.judofreunde-korntal.de\/wordpress\/\"},{\"@type\":\"ListItem\",\"position\":2,\"name\":\"Anmeldung\"}]},{\"@type\":\"WebSite\",\"@id\":\"https:\/\/www.judofreunde-korntal.de\/wordpress\/#website\",\"url\":\"https:\/\/www.judofreunde-korntal.de\/wordpress\/\",\"name\":\"Judofreunde Korntal e.V.\",\"description\":\"Internet Pr\u00e4senz der Judofreunde Korntal\",\"publisher\":{\"@id\":\"https:\/\/www.judofreunde-korntal.de\/wordpress\/#organization\"},\"potentialAction\":[{\"@type\":\"SearchAction\",\"target\":{\"@type\":\"EntryPoint\",\"urlTemplate\":\"https:\/\/www.judofreunde-korntal.de\/wordpress\/?s={search_term_string}\"},\"query-input\":{\"@type\":\"PropertyValueSpecification\",\"valueRequired\":true,\"valueName\":\"search_term_string\"}}],\"inLanguage\":\"de\"},{\"@type\":\"Organization\",\"@id\":\"https:\/\/www.judofreunde-korntal.de\/wordpress\/#organization\",\"name\":\"Judofreunde Korntal e.V.\",\"url\":\"https:\/\/www.judofreunde-korntal.de\/wordpress\/\",\"logo\":{\"@type\":\"ImageObject\",\"inLanguage\":\"de\",\"@id\":\"https:\/\/www.judofreunde-korntal.de\/wordpress\/#\/schema\/logo\/image\/\",\"url\":\"http:\/\/38.242.210.90:40000\/wordpress\/wp-content\/uploads\/2022\/11\/JFK-Logo-ohneRand.jpg\",\"contentUrl\":\"http:\/\/38.242.210.90:40000\/wordpress\/wp-content\/uploads\/2022\/11\/JFK-Logo-ohneRand.jpg\",\"width\":1417,\"height\":1423,\"caption\":\"Judofreunde Korntal e.V.\"},\"image\":{\"@id\":\"https:\/\/www.judofreunde-korntal.de\/wordpress\/#\/schema\/logo\/image\/\"},\"sameAs\":[\"https:\/\/www.facebook.com\/profile.php?id=100084103943783\",\"https:\/\/www.instagram.com\/judofreunde\"]}]}<\/script>\n<!-- \/ Yoast SEO plugin. -->","yoast_head_json":{"title":"Anmeldung - Judofreunde Korntal e.V.","description":"Anmeldeseite f\u00fcr den Judo VHS Kurs in Korntal-M\u00fcchingen. Eine Mitgliedschaft f\u00fcr die Judofreunde erlaubt Euch an G\u00fcrtelpr\u00fcfungen teilzunehmen.","robots":{"index":"index","follow":"follow","max-snippet":"max-snippet:-1","max-image-preview":"max-image-preview:large","max-video-preview":"max-video-preview:-1"},"canonical":"https:\/\/www.judofreunde-korntal.de\/wordpress\/anmeldung\/","og_locale":"de_DE","og_type":"article","og_title":"Anmeldung - Judofreunde Korntal e.V.","og_description":"Anmeldeseite f\u00fcr den Judo VHS Kurs in Korntal-M\u00fcchingen. Eine Mitgliedschaft f\u00fcr die Judofreunde erlaubt Euch an G\u00fcrtelpr\u00fcfungen teilzunehmen.","og_url":"https:\/\/www.judofreunde-korntal.de\/wordpress\/anmeldung\/","og_site_name":"Judofreunde Korntal e.V.","article_publisher":"https:\/\/www.facebook.com\/profile.php?id=100084103943783","article_modified_time":"2023-11-14T12:27:19+00:00","twitter_card":"summary_large_image","twitter_misc":{"Gesch\u00e4tzte Lesezeit":"1\u00a0Minute"},"schema":{"@context":"https:\/\/schema.org","@graph":[{"@type":"WebPage","@id":"https:\/\/www.judofreunde-korntal.de\/wordpress\/anmeldung\/","url":"https:\/\/www.judofreunde-korntal.de\/wordpress\/anmeldung\/","name":"Anmeldung - Judofreunde Korntal e.V.","isPartOf":{"@id":"https:\/\/www.judofreunde-korntal.de\/wordpress\/#website"},"datePublished":"2023-09-07T16:00:26+00:00","dateModified":"2023-11-14T12:27:19+00:00","description":"Anmeldeseite f\u00fcr den Judo VHS Kurs in Korntal-M\u00fcchingen. Eine Mitgliedschaft f\u00fcr die Judofreunde erlaubt Euch an G\u00fcrtelpr\u00fcfungen teilzunehmen.","breadcrumb":{"@id":"https:\/\/www.judofreunde-korntal.de\/wordpress\/anmeldung\/#breadcrumb"},"inLanguage":"de","potentialAction":[{"@type":"ReadAction","target":["https:\/\/www.judofreunde-korntal.de\/wordpress\/anmeldung\/"]}]},{"@type":"BreadcrumbList","@id":"https:\/\/www.judofreunde-korntal.de\/wordpress\/anmeldung\/#breadcrumb","itemListElement":[{"@type":"ListItem","position":1,"name":"Startseite","item":"https:\/\/www.judofreunde-korntal.de\/wordpress\/"},{"@type":"ListItem","position":2,"name":"Anmeldung"}]},{"@type":"WebSite","@id":"https:\/\/www.judofreunde-korntal.de\/wordpress\/#website","url":"https:\/\/www.judofreunde-korntal.de\/wordpress\/","name":"Judofreunde Korntal e.V.","description":"Internet Pr\u00e4senz der Judofreunde Korntal","publisher":{"@id":"https:\/\/www.judofreunde-korntal.de\/wordpress\/#organization"},"potentialAction":[{"@type":"SearchAction","target":{"@type":"EntryPoint","urlTemplate":"https:\/\/www.judofreunde-korntal.de\/wordpress\/?s={search_term_string}"},"query-input":{"@type":"PropertyValueSpecification","valueRequired":true,"valueName":"search_term_string"}}],"inLanguage":"de"},{"@type":"Organization","@id":"https:\/\/www.judofreunde-korntal.de\/wordpress\/#organization","name":"Judofreunde Korntal e.V.","url":"https:\/\/www.judofreunde-korntal.de\/wordpress\/","logo":{"@type":"ImageObject","inLanguage":"de","@id":"https:\/\/www.judofreunde-korntal.de\/wordpress\/#\/schema\/logo\/image\/","url":"http:\/\/38.242.210.90:40000\/wordpress\/wp-content\/uploads\/2022\/11\/JFK-Logo-ohneRand.jpg","contentUrl":"http:\/\/38.242.210.90:40000\/wordpress\/wp-content\/uploads\/2022\/11\/JFK-Logo-ohneRand.jpg","width":1417,"height":1423,"caption":"Judofreunde Korntal e.V."},"image":{"@id":"https:\/\/www.judofreunde-korntal.de\/wordpress\/#\/schema\/logo\/image\/"},"sameAs":["https:\/\/www.facebook.com\/profile.php?id=100084103943783","https:\/\/www.instagram.com\/judofreunde"]}]}},"_links":{"self":[{"href":"https:\/\/ucs.judofreunde-korntal.de\/wordpress\/wp-json\/wp\/v2\/pages\/2","targetHints":{"allow":["GET"]}}],"collection":[{"href":"https:\/\/ucs.judofreunde-korntal.de\/wordpress\/wp-json\/wp\/v2\/pages"}],"about":[{"href":"https:\/\/ucs.judofreunde-korntal.de\/wordpress\/wp-json\/wp\/v2\/types\/page"}],"author":[{"embeddable":true,"href":"https:\/\/ucs.judofreunde-korntal.de\/wordpress\/wp-json\/wp\/v2\/users\/3"}],"replies":[{"embeddable":true,"href":"https:\/\/ucs.judofreunde-korntal.de\/wordpress\/wp-json\/wp\/v2\/comments?post=2"}],"version-history":[{"count":9,"href":"https:\/\/ucs.judofreunde-korntal.de\/wordpress\/wp-json\/wp\/v2\/pages\/2\/revisions"}],"predecessor-version":[{"id":125,"href":"https:\/\/ucs.judofreunde-korntal.de\/wordpress\/wp-json\/wp\/v2\/pages\/2\/revisions\/125"}],"wp:attachment":[{"href":"https:\/\/ucs.judofreunde-korntal.de\/wordpress\/wp-json\/wp\/v2\/media?parent=2"}],"curies":[{"name":"wp","href":"https:\/\/api.w.org\/{rel}","templated":true}]}}